{"id":34,"date":"2018-05-21T18:15:22","date_gmt":"2018-05-21T18:15:22","guid":{"rendered":"http:\/\/casarosa.santamariadelasaguasblancas.es\/wp\/?page_id=34"},"modified":"2018-06-23T16:03:03","modified_gmt":"2018-06-23T16:03:03","slug":"alrededores","status":"publish","type":"page","link":"https:\/\/casarosa.santamariadelasaguasblancas.es\/index.php\/alrededores\/","title":{"rendered":"Alrededores"},"content":{"rendered":"<p>&nbsp;<\/p>\n<table class=\"contentpaneopen\">\n<tbody>\n<tr>\n<td valign=\"top\">En las cercan\u00edas de la casa se pueden encontrar\u00a0<strong>muchos lugares de inter\u00e9s<\/strong>.<\/p>\n<p>Hay rutas que conectan los pueblos de alrededor evitando carreteras. Como por ejemplo, la<strong>\u00a0v\u00eda verde de Ojos Negros<\/strong>, que se puede coger en J\u00e9rica.<\/p>\n<p>El siguiente plano muestra los pueblos, y algunos lugares de inter\u00e9s marcados con c\u00edrculos rosas.<\/p>\n<p><img loading=\"lazy\" decoding=\"async\" src=\"http:\/\/casarosa.santamariadelasaguasblancas.es\/joom\/images\/stories\/planozona.png\" alt=\"planozona\" width=\"640\" height=\"574\" \/><\/td>\n<\/tr>\n<\/tbody>\n<\/table>\n","protected":false},"excerpt":{"rendered":"<p>&nbsp; En las cercan\u00edas de la casa se pueden encontrar\u00a0muchos lugares de inter\u00e9s. Hay rutas que conectan los pueblos de alrededor evitando carreteras. Como por ejemplo, la\u00a0v\u00eda verde de Ojos Negros, que se puede coger en J\u00e9rica. El siguiente plano muestra los pueblos, y algunos lugares de inter\u00e9s marcados con c\u00edrculos rosas.<\/p>\n","protected":false},"author":2,"featured_media":0,"parent":0,"menu_order":0,"comment_status":"closed","ping_status":"closed","template":"","meta":{"footnotes":""},"class_list":["post-34","page","type-page","status-publish","hentry"],"_links":{"self":[{"href":"https:\/\/casarosa.santamariadelasaguasblancas.es\/index.php\/wp-json\/wp\/v2\/pages\/34","targetHints":{"allow":["GET"]}}],"collection":[{"href":"https:\/\/casarosa.santamariadelasaguasblancas.es\/index.php\/wp-json\/wp\/v2\/pages"}],"about":[{"href":"https:\/\/casarosa.santamariadelasaguasblancas.es\/index.php\/wp-json\/wp\/v2\/types\/page"}],"author":[{"embeddable":true,"href":"https:\/\/casarosa.santamariadelasaguasblancas.es\/index.php\/wp-json\/wp\/v2\/users\/2"}],"replies":[{"embeddable":true,"href":"https:\/\/casarosa.santamariadelasaguasblancas.es\/index.php\/wp-json\/wp\/v2\/comments?post=34"}],"version-history":[{"count":4,"href":"https:\/\/casarosa.santamariadelasaguasblancas.es\/index.php\/wp-json\/wp\/v2\/pages\/34\/revisions"}],"predecessor-version":[{"id":123,"href":"https:\/\/casarosa.santamariadelasaguasblancas.es\/index.php\/wp-json\/wp\/v2\/pages\/34\/revisions\/123"}],"wp:attachment":[{"href":"https:\/\/casarosa.santamariadelasaguasblancas.es\/index.php\/wp-json\/wp\/v2\/media?parent=34"}],"curies":[{"name":"wp","href":"https:\/\/api.w.org\/{rel}","templated":true}]}}